{"id":85,"date":"2024-09-16T11:42:31","date_gmt":"2024-09-16T09:42:31","guid":{"rendered":"https:\/\/www.nmb-mehlingen.de\/cms\/?page_id=85"},"modified":"2024-09-28T22:26:18","modified_gmt":"2024-09-28T20:26:18","slug":"abteilung-fussball","status":"publish","type":"page","link":"https:\/\/www.nmb-mehlingen.de\/cms\/abteilung-fussball\/","title":{"rendered":"Abteilung Fu\u00dfball"},"content":{"rendered":"\n<p>Herzlich willkommen auf unserer Fu\u00dfballabteilung!<\/p>\n\n\n\n<p>Wir freuen uns, dass du den Weg zu uns gefunden hast. Hier dreht sich alles um den sch\u00f6nsten Sport der Welt \u2013 Fu\u00dfball! Ob du ein begeisterter Spieler, ein engagierter Trainer oder ein treuer Fan bist, bei uns bist du genau richtig.<\/p>\n\n\n\n<p>Entdecke die neuesten Spielberichte, erfahre mehr \u00fcber unsere Mannschaften und verpasse keine wichtigen Termine. Wir laden dich ein, Teil unserer leidenschaftlichen Fu\u00dfballgemeinschaft zu werden und gemeinsam mit uns f\u00fcr den Erfolg zu k\u00e4mpfen.<\/p>\n\n\n\n<p>Viel Spa\u00df beim St\u00f6bern und bis bald auf dem Platz!<\/p>\n\n\n\n<p>Dein Team der Fu\u00dfballabteilung<\/p>\n\n\n\n<hr class=\"wp-block-separator has-alpha-channel-opacity\"\/>\n\n\n\n<p>Aktive <\/p>\n\n\n\n<figure class=\"wp-block-embed is-type-wp-embed is-provider-spielvereinigung-nmb-mehlingen wp-block-embed-spielvereinigung-nmb-mehlingen\"><div class=\"wp-block-embed__wrapper\">\n<blockquote hcb-fetch-image-from=\"https:\/\/www.nmb-mehlingen.de\/cms\/1-mannschaft\/\" class=\"wp-embedded-content\" data-secret=\"f16cpDLTJN\"><a href=\"https:\/\/www.nmb-mehlingen.de\/cms\/1-mannschaft\/\">1.Mannschaft<\/a><\/blockquote><iframe loading=\"lazy\" class=\"wp-embedded-content\" sandbox=\"allow-scripts\" security=\"restricted\" style=\"position: absolute; visibility: hidden;\" title=\"&#8222;1.Mannschaft&#8220; &#8212; Spielvereinigung NMB-Mehlingen\" src=\"https:\/\/www.nmb-mehlingen.de\/cms\/1-mannschaft\/embed\/#?secret=Qa7jqPbXdI#?secret=f16cpDLTJN\" data-secret=\"f16cpDLTJN\" width=\"600\" height=\"338\" frameborder=\"0\" marginwidth=\"0\" marginheight=\"0\" scrolling=\"no\"><\/iframe>\n<\/div><\/figure>\n\n\n\n<figure class=\"wp-block-embed is-type-wp-embed is-provider-spielvereinigung-nmb-mehlingen wp-block-embed-spielvereinigung-nmb-mehlingen\"><div class=\"wp-block-embed__wrapper\">\n<blockquote hcb-fetch-image-from=\"https:\/\/www.nmb-mehlingen.de\/cms\/2-mannschaft\/\" class=\"wp-embedded-content\" data-secret=\"VqF0sel49y\"><a href=\"https:\/\/www.nmb-mehlingen.de\/cms\/2-mannschaft\/\">2.Mannschaft<\/a><\/blockquote><iframe loading=\"lazy\" class=\"wp-embedded-content\" sandbox=\"allow-scripts\" security=\"restricted\" style=\"position: absolute; visibility: hidden;\" title=\"&#8222;2.Mannschaft&#8220; &#8212; Spielvereinigung NMB-Mehlingen\" src=\"https:\/\/www.nmb-mehlingen.de\/cms\/2-mannschaft\/embed\/#?secret=Nm5TtLvFTw#?secret=VqF0sel49y\" data-secret=\"VqF0sel49y\" width=\"600\" height=\"338\" frameborder=\"0\" marginwidth=\"0\" marginheight=\"0\" scrolling=\"no\"><\/iframe>\n<\/div><\/figure>\n\n\n\n<hr class=\"wp-block-separator has-alpha-channel-opacity\"\/>\n\n\n\n<p>AH &#8211; Mannschaft<\/p>\n\n\n\n<figure class=\"wp-block-embed is-type-wp-embed is-provider-spielvereinigung-nmb-mehlingen wp-block-embed-spielvereinigung-nmb-mehlingen\"><div class=\"wp-block-embed__wrapper\">\n<blockquote hcb-fetch-image-from=\"https:\/\/www.nmb-mehlingen.de\/cms\/ah-mannschaft\/\" class=\"wp-embedded-content\" data-secret=\"gwa7YeMh1p\"><a href=\"https:\/\/www.nmb-mehlingen.de\/cms\/ah-mannschaft\/\">AH Mannschaft<\/a><\/blockquote><iframe loading=\"lazy\" class=\"wp-embedded-content\" sandbox=\"allow-scripts\" security=\"restricted\" style=\"position: absolute; visibility: hidden;\" title=\"&#8222;AH Mannschaft&#8220; &#8212; Spielvereinigung NMB-Mehlingen\" src=\"https:\/\/www.nmb-mehlingen.de\/cms\/ah-mannschaft\/embed\/#?secret=njIUWcxLmj#?secret=gwa7YeMh1p\" data-secret=\"gwa7YeMh1p\" width=\"600\" height=\"338\" frameborder=\"0\" marginwidth=\"0\" marginheight=\"0\" scrolling=\"no\"><\/iframe>\n<\/div><\/figure>\n\n\n\n<hr class=\"wp-block-separator has-alpha-channel-opacity\"\/>\n\n\n\n<p>Jugendfussball<\/p>\n\n\n\n<figure class=\"wp-block-embed is-type-wp-embed is-provider-spielvereinigung-nmb-mehlingen wp-block-embed-spielvereinigung-nmb-mehlingen\"><div class=\"wp-block-embed__wrapper\">\n<blockquote hcb-fetch-image-from=\"https:\/\/www.nmb-mehlingen.de\/cms\/jugendfussball\/\" class=\"wp-embedded-content\" data-secret=\"qTsNkE5oNy\"><a href=\"https:\/\/www.nmb-mehlingen.de\/cms\/jugendfussball\/\">Jugend-Fu\u00dfball<\/a><\/blockquote><iframe loading=\"lazy\" class=\"wp-embedded-content\" sandbox=\"allow-scripts\" security=\"restricted\" style=\"position: absolute; visibility: hidden;\" title=\"&#8222;Jugend-Fu\u00dfball&#8220; &#8212; Spielvereinigung NMB-Mehlingen\" src=\"https:\/\/www.nmb-mehlingen.de\/cms\/jugendfussball\/embed\/#?secret=56v7SglcS6#?secret=qTsNkE5oNy\" data-secret=\"qTsNkE5oNy\" width=\"600\" height=\"338\" frameborder=\"0\" marginwidth=\"0\" marginheight=\"0\" scrolling=\"no\"><\/iframe>\n<\/div><\/figure>\n","protected":false},"excerpt":{"rendered":"<div class=\"entry-summary\">\nHerzlich willkommen auf unserer Fu\u00dfballabteilung! Wir freuen uns, dass du den Weg zu uns gefunden hast. Hier dreht sich alles&hellip;\n<\/div>\n<div class=\"link-more\"><a href=\"https:\/\/www.nmb-mehlingen.de\/cms\/abteilung-fussball\/\" class=\"more-link\">Continue reading<span class=\"screen-reader-text\"> &ldquo;Abteilung Fu\u00dfball&rdquo;<\/span>&hellip;<\/a><\/div>\n","protected":false},"author":1,"featured_media":0,"parent":0,"menu_order":0,"comment_status":"closed","ping_status":"closed","template":"","meta":{"_acf_changed":false,"footnotes":""},"class_list":["post-85","page","type-page","status-publish","hentry","entry"],"acf":[],"jetpack_sharing_enabled":true,"_links":{"self":[{"href":"https:\/\/www.nmb-mehlingen.de\/cms\/wp-json\/wp\/v2\/pages\/85","targetHints":{"allow":["GET"]}}],"collection":[{"href":"https:\/\/www.nmb-mehlingen.de\/cms\/wp-json\/wp\/v2\/pages"}],"about":[{"href":"https:\/\/www.nmb-mehlingen.de\/cms\/wp-json\/wp\/v2\/types\/page"}],"author":[{"embeddable":true,"href":"https:\/\/www.nmb-mehlingen.de\/cms\/wp-json\/wp\/v2\/users\/1"}],"replies":[{"embeddable":true,"href":"https:\/\/www.nmb-mehlingen.de\/cms\/wp-json\/wp\/v2\/comments?post=85"}],"version-history":[{"count":0,"href":"https:\/\/www.nmb-mehlingen.de\/cms\/wp-json\/wp\/v2\/pages\/85\/revisions"}],"wp:attachment":[{"href":"https:\/\/www.nmb-mehlingen.de\/cms\/wp-json\/wp\/v2\/media?parent=85"}],"curies":[{"name":"wp","href":"https:\/\/api.w.org\/{rel}","templated":true}]}}