{"id":844,"date":"2025-02-10T13:29:59","date_gmt":"2025-02-10T12:29:59","guid":{"rendered":"https:\/\/www.nmb-mehlingen.de\/cms\/?page_id=844"},"modified":"2025-02-10T13:54:01","modified_gmt":"2025-02-10T12:54:01","slug":"willkommen-beim-kinderturnprogramm-des-nmb-mehlingen","status":"publish","type":"page","link":"https:\/\/www.nmb-mehlingen.de\/cms\/willkommen-beim-kinderturnprogramm-des-nmb-mehlingen\/","title":{"rendered":"Kinderturnen"},"content":{"rendered":"\n<h2 class=\"wp-block-heading\">Willkommen beim Kinderturnprogramm des NMB Mehlingen!<\/h2>\n\n\n\n<p>Liebe Eltern und liebe Kleine,<\/p>\n\n\n\n<p>herzlich willkommen beim Kinderturnprogramm des NMB Mehlingen f\u00fcr die J\u00fcngsten von 1 bis 3 Jahren! Wir laden euch ein, mit uns eine spannende und fr\u00f6hliche Welt der Bewegung zu entdecken, die speziell auf die Bed\u00fcrfnisse eurer Kleinen zugeschnitten ist.<\/p>\n\n\n\n<p><strong>Unser Programm bietet:<\/strong><\/p>\n\n\n\n<p><strong>Sichere Umgebung:<\/strong> Unsere Turnstunden finden in einer kindgerechten und sicheren Umgebung statt, in der eure Kinder sich frei und sicher bewegen k\u00f6nnen.<\/p>\n\n\n\n<p><strong>Bewegungsfreude wecken:<\/strong> Wir f\u00f6rdern die nat\u00fcrliche Neugierde und Bewegungsfreude eurer Kleinen durch spannende und abwechslungsreiche Aktivit\u00e4ten.<\/p>\n\n\n\n<p><strong>Motorik und Koordination:<\/strong> Spezielle \u00dcbungen helfen dabei, die fein- und grobmotorischen F\u00e4higkeiten eurer Kinder spielerisch zu verbessern.<\/p>\n\n\n\n<p><strong>Kontakte kn\u00fcpfen:<\/strong> In der Gruppe lernen eure Kinder, erste soziale Kontakte zu kn\u00fcpfen und erleben die Freude am gemeinsamen Tun.<\/p>\n\n\n\n<p><strong>Elternbeteiligung:<\/strong> Wir wissen, wie wichtig die N\u00e4he der Eltern f\u00fcr eure Kleinen ist. <\/p>\n\n\n\n<p class=\"has-text-align-center\"><strong>Ihr seid herzlich eingeladen, mitzumachen!<\/strong><\/p>\n\n\n\n<p>Wir freuen uns darauf, euch kennenzulernen und gemeinsam mit euren Kleinen spannende Bewegungserlebnisse zu schaffen.<\/p>\n\n\n\n<p><strong>Habt ihr Fragen oder m\u00f6chtet mehr erfahren?<\/strong> Kontaktiert uns gerne!<\/p>\n\n\n\n<hr class=\"wp-block-separator has-alpha-channel-opacity\"\/>\n\n\n\n<figure class=\"wp-block-table is-style-stripes\"><table class=\"has-fixed-layout\"><tbody><tr><td><strong>Wann<\/strong>:<\/td><td>Mittwoch<\/td><\/tr><tr><td><strong>Uhrzeit<\/strong>:<\/td><td>15:15 &#8211; 16:15 <\/td><\/tr><tr><td><strong>Wo<\/strong>:<\/td><td>Sporthalle am NMB (Schwimmbad Mehlingen)<\/td><\/tr><\/tbody><\/table><\/figure>\n\n\n\n<hr class=\"wp-block-separator has-alpha-channel-opacity\"\/>\n\n\n\n<div class=\"wp-block-jetpack-slideshow aligncenter\" data-effect=\"slide\"><div class=\"wp-block-jetpack-slideshow_container swiper-container\"><ul class=\"wp-block-jetpack-slideshow_swiper-wrapper swiper-wrapper\"><li class=\"wp-block-jetpack-slideshow_slide swiper-slide\"><figure><img data-recalc-dims=\"1\" loading=\"lazy\" decoding=\"async\" width=\"1024\" height=\"992\" alt=\"\" class=\"wp-block-jetpack-slideshow_image wp-image-848\" data-id=\"848\" src=\"https:\/\/i0.wp.com\/www.nmb-mehlingen.de\/cms\/wp-content\/uploads\/2025\/02\/Kinderturnen_1-3.jpg?resize=1024%2C992&#038;ssl=1\" srcset=\"https:\/\/i0.wp.com\/www.nmb-mehlingen.de\/cms\/wp-content\/uploads\/2025\/02\/Kinderturnen_1-3.jpg?resize=1024%2C992&amp;ssl=1 1024w, https:\/\/i0.wp.com\/www.nmb-mehlingen.de\/cms\/wp-content\/uploads\/2025\/02\/Kinderturnen_1-3.jpg?resize=300%2C291&amp;ssl=1 300w, https:\/\/i0.wp.com\/www.nmb-mehlingen.de\/cms\/wp-content\/uploads\/2025\/02\/Kinderturnen_1-3.jpg?resize=768%2C744&amp;ssl=1 768w, https:\/\/i0.wp.com\/www.nmb-mehlingen.de\/cms\/wp-content\/uploads\/2025\/02\/Kinderturnen_1-3.jpg?w=1536&amp;ssl=1 1536w\" sizes=\"(max-width: 1024px) 100vw, 1024px\" \/><figcaption class=\"wp-block-jetpack-slideshow_caption gallery-caption\">Klettern wie die Gro\u00dfen!<\/figcaption><\/figure><\/li><li class=\"wp-block-jetpack-slideshow_slide swiper-slide\"><figure><img data-recalc-dims=\"1\" loading=\"lazy\" decoding=\"async\" width=\"979\" height=\"1024\" alt=\"\" class=\"wp-block-jetpack-slideshow_image wp-image-850\" data-id=\"850\" src=\"https:\/\/i0.wp.com\/www.nmb-mehlingen.de\/cms\/wp-content\/uploads\/2025\/02\/Kinderturnen_1-5.jpg?resize=979%2C1024&#038;ssl=1\" srcset=\"https:\/\/i0.wp.com\/www.nmb-mehlingen.de\/cms\/wp-content\/uploads\/2025\/02\/Kinderturnen_1-5.jpg?resize=979%2C1024&amp;ssl=1 979w, https:\/\/i0.wp.com\/www.nmb-mehlingen.de\/cms\/wp-content\/uploads\/2025\/02\/Kinderturnen_1-5.jpg?resize=287%2C300&amp;ssl=1 287w, https:\/\/i0.wp.com\/www.nmb-mehlingen.de\/cms\/wp-content\/uploads\/2025\/02\/Kinderturnen_1-5.jpg?resize=768%2C804&amp;ssl=1 768w, https:\/\/i0.wp.com\/www.nmb-mehlingen.de\/cms\/wp-content\/uploads\/2025\/02\/Kinderturnen_1-5.jpg?resize=1468%2C1536&amp;ssl=1 1468w, https:\/\/i0.wp.com\/www.nmb-mehlingen.de\/cms\/wp-content\/uploads\/2025\/02\/Kinderturnen_1-5.jpg?w=1536&amp;ssl=1 1536w\" sizes=\"(max-width: 979px) 100vw, 979px\" \/><figcaption class=\"wp-block-jetpack-slideshow_caption gallery-caption\">Entdecke die Welt der Bewegung!<\/figcaption><\/figure><\/li><li class=\"wp-block-jetpack-slideshow_slide swiper-slide\"><figure><img data-recalc-dims=\"1\" loading=\"lazy\" decoding=\"async\" width=\"1024\" height=\"768\" alt=\"\" class=\"wp-block-jetpack-slideshow_image wp-image-851\" data-id=\"851\" src=\"https:\/\/i0.wp.com\/www.nmb-mehlingen.de\/cms\/wp-content\/uploads\/2025\/02\/Kinderturnen_1-6.jpg?resize=1024%2C768&#038;ssl=1\" srcset=\"https:\/\/i0.wp.com\/www.nmb-mehlingen.de\/cms\/wp-content\/uploads\/2025\/02\/Kinderturnen_1-6.jpg?resize=1024%2C768&amp;ssl=1 1024w, https:\/\/i0.wp.com\/www.nmb-mehlingen.de\/cms\/wp-content\/uploads\/2025\/02\/Kinderturnen_1-6.jpg?resize=300%2C225&amp;ssl=1 300w, https:\/\/i0.wp.com\/www.nmb-mehlingen.de\/cms\/wp-content\/uploads\/2025\/02\/Kinderturnen_1-6.jpg?resize=768%2C576&amp;ssl=1 768w, https:\/\/i0.wp.com\/www.nmb-mehlingen.de\/cms\/wp-content\/uploads\/2025\/02\/Kinderturnen_1-6.jpg?resize=1536%2C1152&amp;ssl=1 1536w, https:\/\/i0.wp.com\/www.nmb-mehlingen.de\/cms\/wp-content\/uploads\/2025\/02\/Kinderturnen_1-6.jpg?w=2048&amp;ssl=1 2048w\" sizes=\"(max-width: 1024px) 100vw, 1024px\" \/><figcaption class=\"wp-block-jetpack-slideshow_caption gallery-caption\">Gemeinsam Spa\u00df beim Balancieren!<\/figcaption><\/figure><\/li><li class=\"wp-block-jetpack-slideshow_slide swiper-slide\"><figure><img data-recalc-dims=\"1\" loading=\"lazy\" decoding=\"async\" width=\"768\" height=\"1024\" alt=\"\" class=\"wp-block-jetpack-slideshow_image wp-image-852\" data-id=\"852\" src=\"https:\/\/i0.wp.com\/www.nmb-mehlingen.de\/cms\/wp-content\/uploads\/2025\/02\/Kinderturnen_1-7.jpg?resize=768%2C1024&#038;ssl=1\" srcset=\"https:\/\/i0.wp.com\/www.nmb-mehlingen.de\/cms\/wp-content\/uploads\/2025\/02\/Kinderturnen_1-7.jpg?resize=768%2C1024&amp;ssl=1 768w, https:\/\/i0.wp.com\/www.nmb-mehlingen.de\/cms\/wp-content\/uploads\/2025\/02\/Kinderturnen_1-7.jpg?resize=225%2C300&amp;ssl=1 225w, https:\/\/i0.wp.com\/www.nmb-mehlingen.de\/cms\/wp-content\/uploads\/2025\/02\/Kinderturnen_1-7.jpg?resize=1152%2C1536&amp;ssl=1 1152w, https:\/\/i0.wp.com\/www.nmb-mehlingen.de\/cms\/wp-content\/uploads\/2025\/02\/Kinderturnen_1-7.jpg?w=1536&amp;ssl=1 1536w\" sizes=\"(max-width: 768px) 100vw, 768px\" \/><figcaption class=\"wp-block-jetpack-slideshow_caption gallery-caption\">Stolz auf die eigenen Fortschritte.<\/figcaption><\/figure><\/li><li class=\"wp-block-jetpack-slideshow_slide swiper-slide\"><figure><img data-recalc-dims=\"1\" loading=\"lazy\" decoding=\"async\" width=\"1024\" height=\"768\" alt=\"\" class=\"wp-block-jetpack-slideshow_image wp-image-849\" data-id=\"849\" src=\"https:\/\/i0.wp.com\/www.nmb-mehlingen.de\/cms\/wp-content\/uploads\/2025\/02\/Kinderturnen_1-4.jpg?resize=1024%2C768&#038;ssl=1\" srcset=\"https:\/\/i0.wp.com\/www.nmb-mehlingen.de\/cms\/wp-content\/uploads\/2025\/02\/Kinderturnen_1-4.jpg?resize=1024%2C768&amp;ssl=1 1024w, https:\/\/i0.wp.com\/www.nmb-mehlingen.de\/cms\/wp-content\/uploads\/2025\/02\/Kinderturnen_1-4.jpg?resize=300%2C225&amp;ssl=1 300w, https:\/\/i0.wp.com\/www.nmb-mehlingen.de\/cms\/wp-content\/uploads\/2025\/02\/Kinderturnen_1-4.jpg?resize=768%2C576&amp;ssl=1 768w, https:\/\/i0.wp.com\/www.nmb-mehlingen.de\/cms\/wp-content\/uploads\/2025\/02\/Kinderturnen_1-4.jpg?resize=1536%2C1152&amp;ssl=1 1536w, https:\/\/i0.wp.com\/www.nmb-mehlingen.de\/cms\/wp-content\/uploads\/2025\/02\/Kinderturnen_1-4.jpg?w=2048&amp;ssl=1 2048w\" sizes=\"(max-width: 1024px) 100vw, 1024px\" \/><figcaption class=\"wp-block-jetpack-slideshow_caption gallery-caption\">Sichere Landung mit Papas Hilfe.<\/figcaption><\/figure><\/li><li class=\"wp-block-jetpack-slideshow_slide swiper-slide\"><figure><img data-recalc-dims=\"1\" loading=\"lazy\" decoding=\"async\" width=\"1024\" height=\"768\" alt=\"\" class=\"wp-block-jetpack-slideshow_image wp-image-847\" data-id=\"847\" src=\"https:\/\/i0.wp.com\/www.nmb-mehlingen.de\/cms\/wp-content\/uploads\/2025\/02\/Kinderturnen_1-2.jpg?resize=1024%2C768&#038;ssl=1\" srcset=\"https:\/\/i0.wp.com\/www.nmb-mehlingen.de\/cms\/wp-content\/uploads\/2025\/02\/Kinderturnen_1-2.jpg?resize=1024%2C768&amp;ssl=1 1024w, https:\/\/i0.wp.com\/www.nmb-mehlingen.de\/cms\/wp-content\/uploads\/2025\/02\/Kinderturnen_1-2.jpg?resize=300%2C225&amp;ssl=1 300w, https:\/\/i0.wp.com\/www.nmb-mehlingen.de\/cms\/wp-content\/uploads\/2025\/02\/Kinderturnen_1-2.jpg?resize=768%2C576&amp;ssl=1 768w, https:\/\/i0.wp.com\/www.nmb-mehlingen.de\/cms\/wp-content\/uploads\/2025\/02\/Kinderturnen_1-2.jpg?resize=1536%2C1152&amp;ssl=1 1536w, https:\/\/i0.wp.com\/www.nmb-mehlingen.de\/cms\/wp-content\/uploads\/2025\/02\/Kinderturnen_1-2.jpg?w=2048&amp;ssl=1 2048w\" sizes=\"(max-width: 1024px) 100vw, 1024px\" \/><figcaption class=\"wp-block-jetpack-slideshow_caption gallery-caption\">Freunde finden beim gemeinsamen Spielen.<\/figcaption><\/figure><\/li><li class=\"wp-block-jetpack-slideshow_slide swiper-slide\"><figure><img data-recalc-dims=\"1\" loading=\"lazy\" decoding=\"async\" width=\"1024\" height=\"768\" alt=\"\" class=\"wp-block-jetpack-slideshow_image wp-image-846\" data-id=\"846\" src=\"https:\/\/i0.wp.com\/www.nmb-mehlingen.de\/cms\/wp-content\/uploads\/2025\/02\/Kinderturnen_1-1.jpg?resize=1024%2C768&#038;ssl=1\" srcset=\"https:\/\/i0.wp.com\/www.nmb-mehlingen.de\/cms\/wp-content\/uploads\/2025\/02\/Kinderturnen_1-1.jpg?resize=1024%2C768&amp;ssl=1 1024w, https:\/\/i0.wp.com\/www.nmb-mehlingen.de\/cms\/wp-content\/uploads\/2025\/02\/Kinderturnen_1-1.jpg?resize=300%2C225&amp;ssl=1 300w, https:\/\/i0.wp.com\/www.nmb-mehlingen.de\/cms\/wp-content\/uploads\/2025\/02\/Kinderturnen_1-1.jpg?resize=768%2C576&amp;ssl=1 768w, https:\/\/i0.wp.com\/www.nmb-mehlingen.de\/cms\/wp-content\/uploads\/2025\/02\/Kinderturnen_1-1.jpg?resize=1536%2C1152&amp;ssl=1 1536w, https:\/\/i0.wp.com\/www.nmb-mehlingen.de\/cms\/wp-content\/uploads\/2025\/02\/Kinderturnen_1-1.jpg?w=2048&amp;ssl=1 2048w\" sizes=\"(max-width: 1024px) 100vw, 1024px\" \/><figcaption class=\"wp-block-jetpack-slideshow_caption gallery-caption\">Lachen und Toben erlaubt!<\/figcaption><\/figure><\/li><\/ul><a class=\"wp-block-jetpack-slideshow_button-prev swiper-button-prev swiper-button-white\" role=\"button\"><\/a><a class=\"wp-block-jetpack-slideshow_button-next swiper-button-next swiper-button-white\" role=\"button\"><\/a><a aria-label=\"Pause Slideshow\" class=\"wp-block-jetpack-slideshow_button-pause\" role=\"button\"><\/a><div class=\"wp-block-jetpack-slideshow_pagination swiper-pagination swiper-pagination-white\"><\/div><\/div><\/div>\n\n\n\n<div class=\"wp-block-group\"><div class=\"wp-block-group__inner-container is-layout-constrained wp-block-group-is-layout-constrained\">\n<div class=\"wp-block-group is-vertical is-layout-flex wp-container-core-group-is-layout-8cf370e7 wp-block-group-is-layout-flex\">\n<hr class=\"wp-block-separator has-alpha-channel-opacity\"\/>\n\n\n\n<hr class=\"wp-block-separator has-alpha-channel-opacity\"\/>\n<\/div>\n<\/div><\/div>\n\n\n\n<hr class=\"wp-block-separator has-alpha-channel-opacity\"\/>\n\n\n\n<div class=\"wp-block-group\"><div class=\"wp-block-group__inner-container is-layout-constrained wp-block-group-is-layout-constrained\">\n<div class=\"wp-block-group is-vertical is-content-justification-center is-layout-flex wp-container-core-group-is-layout-4b2eccd6 wp-block-group-is-layout-flex\">\n<p><em><strong>Eure<\/strong><\/em><\/p>\n\n\n\n<p><em><strong>Carmen Rahm<\/strong><\/em><\/p>\n\n\n\n<p><em><strong>017655123062<\/strong><\/em><\/p>\n<\/div>\n<\/div><\/div>\n","protected":false},"excerpt":{"rendered":"<div class=\"entry-summary\">\nWillkommen beim Kinderturnprogramm des NMB Mehlingen! Liebe Eltern und liebe Kleine, herzlich willkommen beim Kinderturnprogramm des NMB Mehlingen f\u00fcr die&hellip;\n<\/div>\n<div class=\"link-more\"><a href=\"https:\/\/www.nmb-mehlingen.de\/cms\/willkommen-beim-kinderturnprogramm-des-nmb-mehlingen\/\" class=\"more-link\">Continue reading<span class=\"screen-reader-text\"> &ldquo;Kinderturnen&rdquo;<\/span>&hellip;<\/a><\/div>\n","protected":false},"author":1,"featured_media":0,"parent":0,"menu_order":0,"comment_status":"closed","ping_status":"closed","template":"","meta":{"_acf_changed":false,"footnotes":""},"class_list":["post-844","page","type-page","status-publish","hentry","entry"],"acf":[],"jetpack_sharing_enabled":true,"_links":{"self":[{"href":"https:\/\/www.nmb-mehlingen.de\/cms\/wp-json\/wp\/v2\/pages\/844","targetHints":{"allow":["GET"]}}],"collection":[{"href":"https:\/\/www.nmb-mehlingen.de\/cms\/wp-json\/wp\/v2\/pages"}],"about":[{"href":"https:\/\/www.nmb-mehlingen.de\/cms\/wp-json\/wp\/v2\/types\/page"}],"author":[{"embeddable":true,"href":"https:\/\/www.nmb-mehlingen.de\/cms\/wp-json\/wp\/v2\/users\/1"}],"replies":[{"embeddable":true,"href":"https:\/\/www.nmb-mehlingen.de\/cms\/wp-json\/wp\/v2\/comments?post=844"}],"version-history":[{"count":0,"href":"https:\/\/www.nmb-mehlingen.de\/cms\/wp-json\/wp\/v2\/pages\/844\/revisions"}],"wp:attachment":[{"href":"https:\/\/www.nmb-mehlingen.de\/cms\/wp-json\/wp\/v2\/media?parent=844"}],"curies":[{"name":"wp","href":"https:\/\/api.w.org\/{rel}","templated":true}]}}