{"id":703,"date":"2024-10-15T20:17:30","date_gmt":"2024-10-15T18:17:30","guid":{"rendered":"https:\/\/www.nmb-mehlingen.de\/cms\/?page_id=703"},"modified":"2025-06-13T10:30:06","modified_gmt":"2025-06-13T08:30:06","slug":"sponsoring","status":"publish","type":"page","link":"https:\/\/www.nmb-mehlingen.de\/cms\/sponsoring\/","title":{"rendered":"Sponsoring"},"content":{"rendered":"\n<p>Liebe potenzielle Sponsoren,<\/p>\n\n\n\n<p>wir laden Sie herzlich ein, Teil unseres Vereins und unserer Mission zu werden. Ihr Sponsoring ist nicht nur eine Investition in unseren Verein, sondern auch eine gro\u00dfartige M\u00f6glichkeit, Ihre Marke zu st\u00e4rken und positive Ver\u00e4nderungen in unserer Gemeinschaft zu bewirken. <\/p>\n\n\n\n<p>Hier sind einige \u00fcberzeugende Gr\u00fcnde, warum Sie uns unterst\u00fctzen sollten:<\/p>\n\n\n\n<ol class=\"wp-block-list\">\n<li><strong>Gemeinsame Werte und Ziele:<\/strong><br>Unser Verein steht f\u00fcr Engagement, Teamgeist und soziale Verantwortung.<br>Mit Ihrer Unterst\u00fctzung tragen Sie aktiv dazu bei, diese Werte zu f\u00f6rdern und unsere gemeinsamen Ziele zu erreichen.<\/li>\n\n\n\n<li><strong>Sichtbarkeit und Reichweite:<\/strong><br>Als Sponsor profitieren Sie von exklusiven Werbem\u00f6glichkeiten und einer hohen Sichtbarkeit bei unseren Veranstaltungen, auf unserer Homepage<br>und in unseren Social-Media-Kan\u00e4len. So erreichen Sie eine breite und engagierte Zielgruppe.<\/li>\n\n\n\n<li><strong>Positive Markenassoziation:<\/strong><br>Durch die Zusammenarbeit mit unserem Verein wird Ihre Marke positiv wahrgenommen.<br>Sie zeigen Ihr Engagement f\u00fcr die Gemeinschaft und gewinnen das Vertrauen und die Sympathie unserer Mitglieder und Unterst\u00fctzer.<\/li>\n\n\n\n<li><strong>Nachhaltige Wirkung:<\/strong><br>Ihr Sponsoring hilft uns, langfristige Projekte zu realisieren und unsere Angebote kontinuierlich zu verbessern.<br><\/li>\n<\/ol>\n\n\n\n<p>Mit Ihrer Unterst\u00fctzung k\u00f6nnen wir Gro\u00dfes erreichen. <\/p>\n\n\n\n<p>Kontaktieren Sie uns, wir freuen uns darauf!<\/p>\n\n\n\n<p>Vielen Dank f\u00fcr Ihr Vertrauen und Ihre Unterst\u00fctzung!<\/p>\n\n\n\n<h2 class=\"wp-block-heading has-text-align-center\"><a href=\"https:\/\/www.nmb-mehlingen.de\/cms\/aktuelle-sponsoren\/\" data-type=\"page\" data-id=\"728\"><strong><mark style=\"background-color:rgba(0, 0, 0, 0)\" class=\"has-inline-color has-vivid-red-color\">Hier gehts zu unseren aktuellen Sponsoren <\/mark><\/strong><\/a><\/h2>\n\n\n\n<p><\/p>\n","protected":false},"excerpt":{"rendered":"<div class=\"entry-summary\">\nLiebe potenzielle Sponsoren, wir laden Sie herzlich ein, Teil unseres Vereins und unserer Mission zu werden. Ihr Sponsoring ist nicht&hellip;\n<\/div>\n<div class=\"link-more\"><a href=\"https:\/\/www.nmb-mehlingen.de\/cms\/sponsoring\/\" class=\"more-link\">Continue reading<span class=\"screen-reader-text\"> &ldquo;Sponsoring&rdquo;<\/span>&hellip;<\/a><\/div>\n","protected":false},"author":1,"featured_media":0,"parent":0,"menu_order":0,"comment_status":"closed","ping_status":"closed","template":"","meta":{"_acf_changed":false,"footnotes":""},"class_list":["post-703","page","type-page","status-publish","hentry","entry"],"acf":[],"jetpack_sharing_enabled":true,"_links":{"self":[{"href":"https:\/\/www.nmb-mehlingen.de\/cms\/wp-json\/wp\/v2\/pages\/703","targetHints":{"allow":["GET"]}}],"collection":[{"href":"https:\/\/www.nmb-mehlingen.de\/cms\/wp-json\/wp\/v2\/pages"}],"about":[{"href":"https:\/\/www.nmb-mehlingen.de\/cms\/wp-json\/wp\/v2\/types\/page"}],"author":[{"embeddable":true,"href":"https:\/\/www.nmb-mehlingen.de\/cms\/wp-json\/wp\/v2\/users\/1"}],"replies":[{"embeddable":true,"href":"https:\/\/www.nmb-mehlingen.de\/cms\/wp-json\/wp\/v2\/comments?post=703"}],"version-history":[{"count":0,"href":"https:\/\/www.nmb-mehlingen.de\/cms\/wp-json\/wp\/v2\/pages\/703\/revisions"}],"wp:attachment":[{"href":"https:\/\/www.nmb-mehlingen.de\/cms\/wp-json\/wp\/v2\/media?parent=703"}],"curies":[{"name":"wp","href":"https:\/\/api.w.org\/{rel}","templated":true}]}}