{"id":698,"date":"2024-10-15T20:09:47","date_gmt":"2024-10-15T18:09:47","guid":{"rendered":"https:\/\/www.nmb-mehlingen.de\/cms\/?page_id=698"},"modified":"2025-09-08T20:59:46","modified_gmt":"2025-09-08T18:59:46","slug":"dart","status":"publish","type":"page","link":"https:\/\/www.nmb-mehlingen.de\/cms\/dart\/","title":{"rendered":"Dart"},"content":{"rendered":"<div class=\"wp-block-image\">\n<figure class=\"aligncenter size-full is-resized\"><img data-recalc-dims=\"1\" loading=\"lazy\" decoding=\"async\" width=\"960\" height=\"960\" src=\"https:\/\/i0.wp.com\/www.nmb-mehlingen.de\/cms\/wp-content\/uploads\/2024\/12\/logo-dart.png?resize=960%2C960&#038;ssl=1\" alt=\"\" class=\"wp-image-788\" style=\"width:205px;height:auto\" srcset=\"https:\/\/i0.wp.com\/www.nmb-mehlingen.de\/cms\/wp-content\/uploads\/2024\/12\/logo-dart.png?w=960&amp;ssl=1 960w, https:\/\/i0.wp.com\/www.nmb-mehlingen.de\/cms\/wp-content\/uploads\/2024\/12\/logo-dart.png?resize=300%2C300&amp;ssl=1 300w, https:\/\/i0.wp.com\/www.nmb-mehlingen.de\/cms\/wp-content\/uploads\/2024\/12\/logo-dart.png?resize=150%2C150&amp;ssl=1 150w, https:\/\/i0.wp.com\/www.nmb-mehlingen.de\/cms\/wp-content\/uploads\/2024\/12\/logo-dart.png?resize=768%2C768&amp;ssl=1 768w\" sizes=\"auto, (max-width: 960px) 100vw, 960px\" \/><\/figure>\n<\/div>\n\n\n<p class=\"has-text-align-center\"><strong>Willkommen bei der SpVgg NMB Darts, deiner Dartmannschaft mit Leidenschaft, Pr\u00e4zision und Teamgeist!<\/strong><\/p>\n\n\n\n<p>Seit Februar 2024 vereinen wir Spieler, die nicht nur den sportlichen Ehrgeiz teilen, sondern auch die Freude am geselligen Miteinander.<br>Unsere Mannschaft besteht aus einer Vielzahl von motivierten Mitgliedern, die mittlerweile bei der sog. Kaiserslauterer Winter- und Sommerliga im Steeldarts<br>teilnehmen und ihre Skills an der Scheibe immer weiter verbessern.<\/p>\n\n\n\n<p>Au\u00dferdem veranstalten wir in regelm\u00e4\u00dfigen Abst\u00e4nden Jedermannsturniere, um den Menschen in unserer Umgebung noch n\u00e4her kommen zu k\u00f6nnen.<\/p>\n\n\n\n<p><strong>Unsere Werte<\/strong><\/p>\n\n\n\n<p>Was uns ausmacht, ist unser Teamgeist. Egal ob Profi oder Anf\u00e4nger, bei uns ist jeder willkommen, der die<br>Begeisterung f\u00fcr Darts mitbringt. Fairplay, Respekt und Zusammenhalt stehen bei uns an erster Stelle \u2013 auf und neben dem Spielfeld.<\/p>\n\n\n\n<p><strong>Training und Wettbewerbe<\/strong><\/p>\n\n\n\n<p>Wir trainieren montags und donnerstags, jeweils um 19:30 Uhr. Unsere \u201eDarts Bar\u201c befindet sich oberhalb<br>des Sportheims und ist mit vier Steeldartsboards ausgestattet. Bei uns stehen Technik, Taktik und nat\u00fcrlich der Spa\u00df am Spiel im Fokus.<\/p>\n\n\n\n<p>Die Ligaspiele finden von Juni bis September (Sommerliga) und von Oktober bis Mai (Winterliga)<br>jeweils dienstags, um 20 Uhr, statt (Ergebnisse unter <a href=\"https:\/\/www.dartverein-kaiserslautern.de\">https:\/\/www.dartverein-kaiserslautern.de<\/a>).<\/p>\n\n\n\n<p><strong>Mach mit!<\/strong><\/p>\n\n\n\n<p>Du suchst eine Mannschaft, die sportlichen Ehrgeiz mit einer tollen Gemeinschaft verbindet? Dann bist du bei uns genau richtig!<br>Egal ob Einsteiger oder erfahrener Spieler \u2013 wir freuen uns darauf, dich kennenzulernen.<\/p>\n\n\n\n<p><strong>Kontakt<\/strong><\/p>\n\n\n\n<p>Hast du Fragen oder m\u00f6chtest bei einem Training vorbeischauen? <\/p>\n\n\n\n<p class=\"has-text-align-center\"><strong>Schreib uns einfach \u00fcber <a href=\"mailto:dart@nmb-mehlingen.de\">dart@nmb-mehlingen.de<\/a> an.<\/strong><\/p>\n\n\n\n<p class=\"has-text-align-center\"><strong>Wir freuen uns, dich bei der SpVgg NMB Darts willkommen zu hei\u00dfen!<\/strong><\/p>\n\n\n\n<figure class=\"wp-block-image size-large\"><img data-recalc-dims=\"1\" loading=\"lazy\" decoding=\"async\" width=\"1024\" height=\"682\" src=\"https:\/\/i0.wp.com\/www.nmb-mehlingen.de\/cms\/wp-content\/uploads\/2024\/12\/Team.jpeg?resize=1024%2C682&#038;ssl=1\" alt=\"\" class=\"wp-image-787\" srcset=\"https:\/\/i0.wp.com\/www.nmb-mehlingen.de\/cms\/wp-content\/uploads\/2024\/12\/Team.jpeg?resize=1024%2C682&amp;ssl=1 1024w, https:\/\/i0.wp.com\/www.nmb-mehlingen.de\/cms\/wp-content\/uploads\/2024\/12\/Team.jpeg?resize=300%2C200&amp;ssl=1 300w, https:\/\/i0.wp.com\/www.nmb-mehlingen.de\/cms\/wp-content\/uploads\/2024\/12\/Team.jpeg?resize=768%2C512&amp;ssl=1 768w, https:\/\/i0.wp.com\/www.nmb-mehlingen.de\/cms\/wp-content\/uploads\/2024\/12\/Team.jpeg?w=1280&amp;ssl=1 1280w\" sizes=\"auto, (max-width: 1024px) 100vw, 1024px\" \/><\/figure>\n\n\n\n<figure class=\"wp-block-gallery has-nested-images columns-default is-cropped wp-block-gallery-1 is-layout-flex wp-block-gallery-is-layout-flex\">\n<figure class=\"wp-block-image size-large\"><img data-recalc-dims=\"1\" loading=\"lazy\" decoding=\"async\" width=\"1024\" height=\"768\" data-id=\"1015\" src=\"https:\/\/i0.wp.com\/www.nmb-mehlingen.de\/cms\/wp-content\/uploads\/2025\/09\/Dart_Raum_01.jpg?resize=1024%2C768&#038;ssl=1\" alt=\"Dart Raum Bilder\" class=\"wp-image-1015\" srcset=\"https:\/\/i0.wp.com\/www.nmb-mehlingen.de\/cms\/wp-content\/uploads\/2025\/09\/Dart_Raum_01-scaled.jpg?resize=1024%2C768&amp;ssl=1 1024w, https:\/\/i0.wp.com\/www.nmb-mehlingen.de\/cms\/wp-content\/uploads\/2025\/09\/Dart_Raum_01-scaled.jpg?resize=300%2C225&amp;ssl=1 300w, https:\/\/i0.wp.com\/www.nmb-mehlingen.de\/cms\/wp-content\/uploads\/2025\/09\/Dart_Raum_01-scaled.jpg?resize=768%2C576&amp;ssl=1 768w, https:\/\/i0.wp.com\/www.nmb-mehlingen.de\/cms\/wp-content\/uploads\/2025\/09\/Dart_Raum_01-scaled.jpg?resize=1536%2C1152&amp;ssl=1 1536w, https:\/\/i0.wp.com\/www.nmb-mehlingen.de\/cms\/wp-content\/uploads\/2025\/09\/Dart_Raum_01-scaled.jpg?resize=2048%2C1536&amp;ssl=1 2048w, https:\/\/i0.wp.com\/www.nmb-mehlingen.de\/cms\/wp-content\/uploads\/2025\/09\/Dart_Raum_01-scaled.jpg?w=2400&amp;ssl=1 2400w\" sizes=\"auto, (max-width: 1024px) 100vw, 1024px\" \/><\/figure>\n\n\n\n<figure class=\"wp-block-image size-large\"><img data-recalc-dims=\"1\" loading=\"lazy\" decoding=\"async\" width=\"1024\" height=\"768\" data-id=\"1014\" src=\"https:\/\/i0.wp.com\/www.nmb-mehlingen.de\/cms\/wp-content\/uploads\/2025\/09\/Dart_Raum_02.jpg?resize=1024%2C768&#038;ssl=1\" alt=\"\" class=\"wp-image-1014\" srcset=\"https:\/\/i0.wp.com\/www.nmb-mehlingen.de\/cms\/wp-content\/uploads\/2025\/09\/Dart_Raum_02-scaled.jpg?resize=1024%2C768&amp;ssl=1 1024w, https:\/\/i0.wp.com\/www.nmb-mehlingen.de\/cms\/wp-content\/uploads\/2025\/09\/Dart_Raum_02-scaled.jpg?resize=300%2C225&amp;ssl=1 300w, https:\/\/i0.wp.com\/www.nmb-mehlingen.de\/cms\/wp-content\/uploads\/2025\/09\/Dart_Raum_02-scaled.jpg?resize=768%2C576&amp;ssl=1 768w, https:\/\/i0.wp.com\/www.nmb-mehlingen.de\/cms\/wp-content\/uploads\/2025\/09\/Dart_Raum_02-scaled.jpg?resize=1536%2C1152&amp;ssl=1 1536w, https:\/\/i0.wp.com\/www.nmb-mehlingen.de\/cms\/wp-content\/uploads\/2025\/09\/Dart_Raum_02-scaled.jpg?resize=2048%2C1536&amp;ssl=1 2048w, https:\/\/i0.wp.com\/www.nmb-mehlingen.de\/cms\/wp-content\/uploads\/2025\/09\/Dart_Raum_02-scaled.jpg?w=2400&amp;ssl=1 2400w\" sizes=\"auto, (max-width: 1024px) 100vw, 1024px\" \/><\/figure>\n<\/figure>\n","protected":false},"excerpt":{"rendered":"<div class=\"entry-summary\">\nWillkommen bei der SpVgg NMB Darts, deiner Dartmannschaft mit Leidenschaft, Pr\u00e4zision und Teamgeist! Seit Februar 2024 vereinen wir Spieler, die&hellip;\n<\/div>\n<div class=\"link-more\"><a href=\"https:\/\/www.nmb-mehlingen.de\/cms\/dart\/\" class=\"more-link\">Continue reading<span class=\"screen-reader-text\"> &ldquo;Dart&rdquo;<\/span>&hellip;<\/a><\/div>\n","protected":false},"author":1,"featured_media":0,"parent":0,"menu_order":0,"comment_status":"closed","ping_status":"closed","template":"","meta":{"_acf_changed":false,"footnotes":""},"class_list":["post-698","page","type-page","status-publish","hentry","entry"],"acf":[],"jetpack_sharing_enabled":true,"_links":{"self":[{"href":"https:\/\/www.nmb-mehlingen.de\/cms\/wp-json\/wp\/v2\/pages\/698","targetHints":{"allow":["GET"]}}],"collection":[{"href":"https:\/\/www.nmb-mehlingen.de\/cms\/wp-json\/wp\/v2\/pages"}],"about":[{"href":"https:\/\/www.nmb-mehlingen.de\/cms\/wp-json\/wp\/v2\/types\/page"}],"author":[{"embeddable":true,"href":"https:\/\/www.nmb-mehlingen.de\/cms\/wp-json\/wp\/v2\/users\/1"}],"replies":[{"embeddable":true,"href":"https:\/\/www.nmb-mehlingen.de\/cms\/wp-json\/wp\/v2\/comments?post=698"}],"version-history":[{"count":0,"href":"https:\/\/www.nmb-mehlingen.de\/cms\/wp-json\/wp\/v2\/pages\/698\/revisions"}],"wp:attachment":[{"href":"https:\/\/www.nmb-mehlingen.de\/cms\/wp-json\/wp\/v2\/media?parent=698"}],"curies":[{"name":"wp","href":"https:\/\/api.w.org\/{rel}","templated":true}]}}